{"id":2177,"date":"2019-09-05T11:47:46","date_gmt":"2019-09-05T09:47:46","guid":{"rendered":"https:\/\/www.escrimelarochelle.fr\/?page_id=2177"},"modified":"2025-08-23T22:52:21","modified_gmt":"2025-08-23T20:52:21","slug":"lescrime-artistique","status":"publish","type":"page","link":"https:\/\/www.escrimelarochelle.fr\/?page_id=2177","title":{"rendered":"L&rsquo;Escrime Artistique"},"content":{"rendered":"\n<h2 class=\"wp-block-heading\"> <strong>Qu&rsquo;est-ce que l&rsquo;Escrime Artistique ? <\/strong> <\/h2>\n\n\n\n<p>Ce  n&rsquo;est ni plus ni moins que l&rsquo;escrime de cape et d&rsquo;\u00e9p\u00e9e utilis\u00e9e dans  les films, les pi\u00e8ces de th\u00e9\u00e2tre et les romans.<\/p>\n\n\n\n<p>Les  armes multiples et vari\u00e9es s&rsquo;utilisent en fonction du si\u00e8cle consid\u00e9r\u00e9 :  \u00e9p\u00e9e \u00e0 deux mains, hache, fl\u00e9au d&rsquo;armes, dague, rapi\u00e8re, b\u00e2ton, canne, \u00e9p\u00e9e, fleuret, sabre&#8230;<\/p>\n\n\n\n<p>C&rsquo;est un m\u00e9lange d&rsquo;activit\u00e9 sportive et de discipline artistique, o\u00f9 la d\u00e9pense physique c\u00f4toie le th\u00e9\u00e2tre, le tout incluant un aspect historique ou fantastique. On peut ainsi se retrouver dans la peau des Chevaliers de la Table Ronde, de d&rsquo;Artagnan et des 3 Mousquetaires, des Pirates des Cara\u00efbes ou encore des personnages de Game of Thrones.<\/p>\n\n\n\n<figure class=\"wp-block-embed is-type-video is-provider-youtube wp-block-embed-youtube wp-embed-aspect-16-9 wp-has-aspect-ratio\"><div class=\"wp-block-embed__wrapper\">\n<iframe loading=\"lazy\" title=\"\ud83c\udfad L\u2019Escrime Artistique : quand l\u2019art rencontre l\u2019escrime\" width=\"525\" height=\"295\" src=\"https:\/\/www.youtube.com\/embed\/GKbpS23AQ5U?feature=oembed\" frameborder=\"0\" allow=\"accelerometer; autoplay; clipboard-write; encrypted-media; gyroscope; picture-in-picture; web-share\" referrerpolicy=\"strict-origin-when-cross-origin\" allowfullscreen><\/iframe>\n<\/div><\/figure>\n\n\n\n<hr class=\"wp-block-separator has-css-opacity\"\/>\n\n\n\n<h2 class=\"wp-block-heading\"><strong>Sa pratique <\/strong> <\/h2>\n\n\n\n<p>L&rsquo;escrime artistique est ouverte \u00e0 tous d\u00e8s 15 ans. Il n&rsquo;est pas utile d&rsquo;avoir pratiqu\u00e9 l&rsquo;escrime olympique pour d\u00e9buter l&rsquo;artistique.<\/p>\n\n\n\n<p>Elle se pratique sans les protections habituelles de l&rsquo;escrime olympique, avec de v\u00e9ritables armes, et les actions demandent une pr\u00e9paration importante et n\u00e9cessitent de nombreuses r\u00e9p\u00e9titions, r\u00e9clamant coordination, m\u00e9moire, ma\u00eetrise de soi, condition physique, d\u00e9placement dans l&rsquo;espace, sens du spectacle, cr\u00e9ativit\u00e9.<\/p>\n\n\n\n<p>Apr\u00e8s un apprentissage de la technique n\u00e9cessaire au maniement des diff\u00e9rentes armes, les encha\u00eenements se r\u00e9alisent avec un ou plusieurs partenaires. Les bretteurs mettent au point une s\u00e9rie d&rsquo;actions m\u00e9langeant attaques, parades, ripostes, d\u00e9placements, esquives, etc.<\/p>\n\n\n\n<hr class=\"wp-block-separator has-alpha-channel-opacity\"\/>\n\n\n\n<figure class=\"wp-block-image size-large\"><a href=\"https:\/\/www.escrimelarochelle.fr\/wp-content\/uploads\/2025\/08\/IMG_7402-scaled.jpeg\"><img loading=\"lazy\" decoding=\"async\" width=\"768\" height=\"1024\" src=\"https:\/\/www.escrimelarochelle.fr\/wp-content\/uploads\/2025\/08\/IMG_7402-768x1024.jpeg\" alt=\"\" class=\"wp-image-2571\" srcset=\"https:\/\/www.escrimelarochelle.fr\/wp-content\/uploads\/2025\/08\/IMG_7402-768x1024.jpeg 768w, https:\/\/www.escrimelarochelle.fr\/wp-content\/uploads\/2025\/08\/IMG_7402-225x300.jpeg 225w, https:\/\/www.escrimelarochelle.fr\/wp-content\/uploads\/2025\/08\/IMG_7402-1152x1536.jpeg 1152w, https:\/\/www.escrimelarochelle.fr\/wp-content\/uploads\/2025\/08\/IMG_7402-1536x2048.jpeg 1536w, https:\/\/www.escrimelarochelle.fr\/wp-content\/uploads\/2025\/08\/IMG_7402-scaled.jpeg 1920w\" sizes=\"auto, (max-width: 767px) 89vw, (max-width: 1000px) 54vw, (max-width: 1071px) 543px, 580px\" \/><\/a><\/figure>\n\n\n\n<h2 class=\"wp-block-heading\"><strong>Son enseignement <\/strong> <\/h2>\n\n\n\n<p>L&rsquo;escrime artistique est une discipline sportive et, en tant que telle, son enseignement doit se faire sous la responsabilit\u00e9 d&rsquo;un enseignant dipl\u00f4m\u00e9 par la F\u00e9d\u00e9ration Fran\u00e7aise d&rsquo;Escrime.<\/p>\n\n\n\n<hr class=\"wp-block-separator has-css-opacity\"\/>\n\n\n\n<h2 class=\"wp-block-heading\"><strong> Le mat\u00e9riel <\/strong> <\/h2>\n\n\n\n<p>\nLe CER pr\u00eate l&rsquo;ensemble du mat\u00e9riel pour la pratique de l&rsquo;escrime \nartistique. Le pratiquant d\u00e9sirant se procurer son propre mat\u00e9riel \npourra le trouver aupr\u00e8s de fournisseurs ou fabricants sp\u00e9cialis\u00e9s.<\/p>\n\n\n\n<figure class=\"wp-block-image size-large\"><a href=\"https:\/\/www.escrimelarochelle.fr\/wp-content\/uploads\/2025\/08\/PHOTO-2025-06-25-15-49-37.jpg\"><img loading=\"lazy\" decoding=\"async\" width=\"682\" height=\"1024\" src=\"https:\/\/www.escrimelarochelle.fr\/wp-content\/uploads\/2025\/08\/PHOTO-2025-06-25-15-49-37-682x1024.jpg\" alt=\"\" class=\"wp-image-2572\" srcset=\"https:\/\/www.escrimelarochelle.fr\/wp-content\/uploads\/2025\/08\/PHOTO-2025-06-25-15-49-37-682x1024.jpg 682w, https:\/\/www.escrimelarochelle.fr\/wp-content\/uploads\/2025\/08\/PHOTO-2025-06-25-15-49-37-200x300.jpg 200w, https:\/\/www.escrimelarochelle.fr\/wp-content\/uploads\/2025\/08\/PHOTO-2025-06-25-15-49-37-768x1153.jpg 768w, https:\/\/www.escrimelarochelle.fr\/wp-content\/uploads\/2025\/08\/PHOTO-2025-06-25-15-49-37-1023x1536.jpg 1023w, https:\/\/www.escrimelarochelle.fr\/wp-content\/uploads\/2025\/08\/PHOTO-2025-06-25-15-49-37.jpg 1066w\" sizes=\"auto, (max-width: 682px) 100vw, 682px\" \/><\/a><\/figure>\n\n\n\n<h2 class=\"wp-block-heading\"><strong>Visionner le dernier Championnat de France<\/strong><\/h2>\n\n\n\n<p>Voici le lien pour visionner les duels pr\u00e9sent\u00e9s au cours du dernier Championnat de France :<\/p>\n\n\n\n<figure class=\"wp-block-embed is-type-video is-provider-youtube wp-block-embed-youtube wp-embed-aspect-16-9 wp-has-aspect-ratio\"><div class=\"wp-block-embed__wrapper\">\n<iframe loading=\"lazy\" title=\"Championnat de france d&#039;escrime artistique\" width=\"525\" height=\"295\" src=\"https:\/\/www.youtube.com\/embed\/7wk5sO3-BtQ?feature=oembed\" frameborder=\"0\" allow=\"accelerometer; autoplay; clipboard-write; encrypted-media; gyroscope; picture-in-picture; web-share\" referrerpolicy=\"strict-origin-when-cross-origin\" allowfullscreen><\/iframe>\n<\/div><\/figure>\n","protected":false},"excerpt":{"rendered":"<p>Qu&rsquo;est-ce que l&rsquo;Escrime Artistique ? Ce n&rsquo;est ni plus ni moins que l&rsquo;escrime de cape et d&rsquo;\u00e9p\u00e9e utilis\u00e9e dans les films, les pi\u00e8ces de th\u00e9\u00e2tre et les romans. Les armes multiples et vari\u00e9es s&rsquo;utilisent en fonction du si\u00e8cle consid\u00e9r\u00e9 : \u00e9p\u00e9e \u00e0 deux mains, hache, fl\u00e9au d&rsquo;armes, dague, rapi\u00e8re, b\u00e2ton, canne, \u00e9p\u00e9e, fleuret, sabre&#8230; C&rsquo;est &hellip; <\/p>\n<p class=\"link-more\"><a href=\"https:\/\/www.escrimelarochelle.fr\/?page_id=2177\" class=\"more-link\">Continuer la lecture<span class=\"screen-reader-text\"> de &laquo;&nbsp;L&rsquo;Escrime Artistique&nbsp;&raquo;<\/span><\/a><\/p>\n","protected":false},"author":1,"featured_media":0,"parent":0,"menu_order":0,"comment_status":"closed","ping_status":"closed","template":"","meta":{"_monsterinsights_skip_tracking":false,"_monsterinsights_sitenote_active":false,"_monsterinsights_sitenote_note":"","_monsterinsights_sitenote_category":0,"footnotes":""},"class_list":["post-2177","page","type-page","status-publish","hentry"],"_links":{"self":[{"href":"https:\/\/www.escrimelarochelle.fr\/index.php?rest_route=\/wp\/v2\/pages\/2177","targetHints":{"allow":["GET"]}}],"collection":[{"href":"https:\/\/www.escrimelarochelle.fr\/index.php?rest_route=\/wp\/v2\/pages"}],"about":[{"href":"https:\/\/www.escrimelarochelle.fr\/index.php?rest_route=\/wp\/v2\/types\/page"}],"author":[{"embeddable":true,"href":"https:\/\/www.escrimelarochelle.fr\/index.php?rest_route=\/wp\/v2\/users\/1"}],"replies":[{"embeddable":true,"href":"https:\/\/www.escrimelarochelle.fr\/index.php?rest_route=%2Fwp%2Fv2%2Fcomments&post=2177"}],"version-history":[{"count":12,"href":"https:\/\/www.escrimelarochelle.fr\/index.php?rest_route=\/wp\/v2\/pages\/2177\/revisions"}],"predecessor-version":[{"id":2576,"href":"https:\/\/www.escrimelarochelle.fr\/index.php?rest_route=\/wp\/v2\/pages\/2177\/revisions\/2576"}],"wp:attachment":[{"href":"https:\/\/www.escrimelarochelle.fr\/index.php?rest_route=%2Fwp%2Fv2%2Fmedia&parent=2177"}],"curies":[{"name":"wp","href":"https:\/\/api.w.org\/{rel}","templated":true}]}}