{"id":80,"date":"2011-02-20T15:34:55","date_gmt":"2011-02-20T15:34:55","guid":{"rendered":"http:\/\/www.escrimelarochelle.fr\/?page_id=80"},"modified":"2024-08-21T19:54:44","modified_gmt":"2024-08-21T17:54:44","slug":"bureau-encadrement","status":"publish","type":"page","link":"https:\/\/www.escrimelarochelle.fr\/?page_id=80","title":{"rendered":"Notre \u00e9quipe"},"content":{"rendered":"\n<h2 class=\"wp-block-heading\">Le Bureau de l&rsquo;association<\/h2>\n\n\n\n<p>Composition du Bureau et du Comit\u00e9 Directeur du Cercle d\u2019Escrime Rochelais :<\/p>\n\n\n\n<ul class=\"wp-block-list\">\n<li><strong>Pr\u00e9sident<\/strong> :&nbsp; Florent MELLA<\/li>\n\n\n\n<li><strong>Vice-Pr\u00e9sident <\/strong>: Julien FARGES<\/li>\n\n\n\n<li><strong>Tr\u00e9sorier<\/strong> : Jos\u00e9 DA CUNHA<\/li>\n\n\n\n<li><strong>Tr\u00e9sori\u00e8re Adjointe <\/strong>:&nbsp;B\u00e9atrice OLGIATTI<\/li>\n\n\n\n<li><strong>Secr\u00e9taire<\/strong> : Thierry BOURSAC<\/li>\n\n\n\n<li><strong>Secr\u00e9taire Adjoint <\/strong>:Tristan LAURENCE<\/li>\n\n\n\n<li><strong>Membre d&rsquo;Honneur<\/strong> : Catherine NICOLAI-LE CAM<\/li>\n<\/ul>\n\n\n\n<hr class=\"wp-block-separator has-alpha-channel-opacity\"\/>\n\n\n\n<h2 class=\"wp-block-heading\">Nos enseignants<\/h2>\n\n\n\n<div class=\"xdj266r x11i5rnm xat24cr x1mh8g0r x1vvkbs x126k92a\">\n<div dir=\"auto\">Nos enseignants pour cette ann\u00e9e (de gauche \u00e0 droite) :<\/div>\n<div dir=\"auto\">&#8211; Tristan qui assurera les cours de sabre ;<\/div>\n<div dir=\"auto\">&#8211; Esthel qui assurera les cours d&rsquo;escrime artistique ;<\/div>\n<div dir=\"auto\">&#8211; J\u00e9r\u00e9my, notre ma\u00eetre d&rsquo;armes, qui assure l&rsquo;ensemble des autres cours.<\/div>\n<div dir=\"auto\">&nbsp;<\/div>\n<\/div>\n\n\n\n<figure class=\"wp-block-image size-large\"><a href=\"https:\/\/www.escrimelarochelle.fr\/wp-content\/uploads\/2023\/09\/IMG_5529-scaled.jpg\"><img loading=\"lazy\" decoding=\"async\" width=\"768\" height=\"1024\" src=\"https:\/\/www.escrimelarochelle.fr\/wp-content\/uploads\/2023\/09\/IMG_5529-768x1024.jpg\" alt=\"\" class=\"wp-image-2509\" srcset=\"https:\/\/www.escrimelarochelle.fr\/wp-content\/uploads\/2023\/09\/IMG_5529-768x1024.jpg 768w, https:\/\/www.escrimelarochelle.fr\/wp-content\/uploads\/2023\/09\/IMG_5529-225x300.jpg 225w, https:\/\/www.escrimelarochelle.fr\/wp-content\/uploads\/2023\/09\/IMG_5529-1152x1536.jpg 1152w, https:\/\/www.escrimelarochelle.fr\/wp-content\/uploads\/2023\/09\/IMG_5529-1536x2048.jpg 1536w, https:\/\/www.escrimelarochelle.fr\/wp-content\/uploads\/2023\/09\/IMG_5529-scaled.jpg 1920w\" sizes=\"auto, (max-width: 767px) 89vw, (max-width: 1000px) 54vw, (max-width: 1071px) 543px, 580px\" \/><\/a><\/figure>\n\n\n\n<p><\/p>\n","protected":false},"excerpt":{"rendered":"<p>Le Bureau de l&rsquo;association Composition du Bureau et du Comit\u00e9 Directeur du Cercle d\u2019Escrime Rochelais : Nos enseignants Nos enseignants pour cette ann\u00e9e (de gauche \u00e0 droite) : &#8211; Tristan qui assurera les cours de sabre ; &#8211; Esthel qui assurera les cours d&rsquo;escrime artistique ; &#8211; J\u00e9r\u00e9my, notre ma\u00eetre d&rsquo;armes, qui assure l&rsquo;ensemble des &hellip; <\/p>\n<p class=\"link-more\"><a href=\"https:\/\/www.escrimelarochelle.fr\/?page_id=80\" class=\"more-link\">Continuer la lecture<span class=\"screen-reader-text\"> de &laquo;&nbsp;Notre \u00e9quipe&nbsp;&raquo;<\/span><\/a><\/p>\n","protected":false},"author":1,"featured_media":0,"parent":0,"menu_order":0,"comment_status":"closed","ping_status":"closed","template":"","meta":{"_monsterinsights_skip_tracking":false,"_monsterinsights_sitenote_active":false,"_monsterinsights_sitenote_note":"","_monsterinsights_sitenote_category":0,"footnotes":""},"class_list":["post-80","page","type-page","status-publish","hentry"],"_links":{"self":[{"href":"https:\/\/www.escrimelarochelle.fr\/index.php?rest_route=\/wp\/v2\/pages\/80","targetHints":{"allow":["GET"]}}],"collection":[{"href":"https:\/\/www.escrimelarochelle.fr\/index.php?rest_route=\/wp\/v2\/pages"}],"about":[{"href":"https:\/\/www.escrimelarochelle.fr\/index.php?rest_route=\/wp\/v2\/types\/page"}],"author":[{"embeddable":true,"href":"https:\/\/www.escrimelarochelle.fr\/index.php?rest_route=\/wp\/v2\/users\/1"}],"replies":[{"embeddable":true,"href":"https:\/\/www.escrimelarochelle.fr\/index.php?rest_route=%2Fwp%2Fv2%2Fcomments&post=80"}],"version-history":[{"count":39,"href":"https:\/\/www.escrimelarochelle.fr\/index.php?rest_route=\/wp\/v2\/pages\/80\/revisions"}],"predecessor-version":[{"id":2541,"href":"https:\/\/www.escrimelarochelle.fr\/index.php?rest_route=\/wp\/v2\/pages\/80\/revisions\/2541"}],"wp:attachment":[{"href":"https:\/\/www.escrimelarochelle.fr\/index.php?rest_route=%2Fwp%2Fv2%2Fmedia&parent=80"}],"curies":[{"name":"wp","href":"https:\/\/api.w.org\/{rel}","templated":true}]}}