{"id":922,"date":"2014-07-24T10:00:49","date_gmt":"2014-07-24T10:00:49","guid":{"rendered":"http:\/\/www.escrimelarochelle.fr\/?page_id=922"},"modified":"2025-08-23T23:03:07","modified_gmt":"2025-08-23T21:03:07","slug":"escrime-sante","status":"publish","type":"page","link":"https:\/\/www.escrimelarochelle.fr\/?page_id=922","title":{"rendered":"L&rsquo;escrime contre le cancer &#8211; Solution R.I.P.O.S.T.E"},"content":{"rendered":"\n<figure class=\"wp-block-gallery has-nested-images columns-default is-cropped wp-block-gallery-1 is-layout-flex wp-block-gallery-is-layout-flex\">\n<figure class=\"wp-block-image size-large\"><a href=\"https:\/\/www.escrimelarochelle.fr\/wp-content\/uploads\/2022\/07\/10688334_532161276928142_7187531144217928190_o.jpg\"><img loading=\"lazy\" decoding=\"async\" width=\"858\" height=\"1024\" data-id=\"2386\" src=\"https:\/\/www.escrimelarochelle.fr\/wp-content\/uploads\/2022\/07\/10688334_532161276928142_7187531144217928190_o-858x1024.jpg\" alt=\"\" class=\"wp-image-2386\" srcset=\"https:\/\/www.escrimelarochelle.fr\/wp-content\/uploads\/2022\/07\/10688334_532161276928142_7187531144217928190_o-858x1024.jpg 858w, https:\/\/www.escrimelarochelle.fr\/wp-content\/uploads\/2022\/07\/10688334_532161276928142_7187531144217928190_o-251x300.jpg 251w, https:\/\/www.escrimelarochelle.fr\/wp-content\/uploads\/2022\/07\/10688334_532161276928142_7187531144217928190_o-768x917.jpg 768w, https:\/\/www.escrimelarochelle.fr\/wp-content\/uploads\/2022\/07\/10688334_532161276928142_7187531144217928190_o-1286x1536.jpg 1286w, https:\/\/www.escrimelarochelle.fr\/wp-content\/uploads\/2022\/07\/10688334_532161276928142_7187531144217928190_o.jpg 1715w\" sizes=\"auto, (max-width: 767px) 89vw, (max-width: 1000px) 54vw, (max-width: 1071px) 543px, 580px\" \/><\/a><\/figure>\n\n\n\n<figure class=\"wp-block-image size-large\"><a href=\"https:\/\/www.escrimelarochelle.fr\/wp-content\/uploads\/2024\/08\/logo-comite-ligue-charente-maritime-coul-c9e9092e6abc4538a78876f51b8eb3d3.png\"><img loading=\"lazy\" decoding=\"async\" width=\"300\" height=\"320\" data-id=\"2539\" src=\"https:\/\/www.escrimelarochelle.fr\/wp-content\/uploads\/2024\/08\/logo-comite-ligue-charente-maritime-coul-c9e9092e6abc4538a78876f51b8eb3d3.png\" alt=\"\" class=\"wp-image-2539\" srcset=\"https:\/\/www.escrimelarochelle.fr\/wp-content\/uploads\/2024\/08\/logo-comite-ligue-charente-maritime-coul-c9e9092e6abc4538a78876f51b8eb3d3.png 300w, https:\/\/www.escrimelarochelle.fr\/wp-content\/uploads\/2024\/08\/logo-comite-ligue-charente-maritime-coul-c9e9092e6abc4538a78876f51b8eb3d3-281x300.png 281w\" sizes=\"auto, (max-width: 300px) 100vw, 300px\" \/><\/a><\/figure>\n<\/figure>\n\n\n\n<p>Retrouver le plaisir&nbsp;de bouger.<\/p>\n\n\n\n<p>Avoir une activit\u00e9 physique ou sportive est essentiel dans les suites d&rsquo;un cancer du sein.<br>Solution R.I.P.O.S.T.E.&nbsp;propose une pratique adapt\u00e9e et s\u00e9curis\u00e9e de l&rsquo;escrime aux patients atteints de cancer et en particulier aux femmes op\u00e9r\u00e9es d&rsquo;un cancer du sein.<\/p>\n\n\n\n<h2 class=\"wp-block-heading\">L\u2019escrime apr\u00e8s un cancer du sein.&nbsp;Pourquoi ?<\/h2>\n\n\n\n<h3 class=\"wp-block-heading\"><strong>C&rsquo;est un sport :<\/strong><\/h3>\n\n\n\n<ul class=\"wp-block-list\">\n<li>Ludique et \u00e9l\u00e9gant<\/li>\n\n\n\n<li>Il diminue la fatigue induite par la chimioth\u00e9rapie et le cancer<\/li>\n\n\n\n<li>Il d\u00e9veloppe la combativit\u00e9<\/li>\n\n\n\n<li>Il mobilise l&rsquo;\u00e9paule op\u00e9r\u00e9e d&rsquo;une mani\u00e8re r\u00e9flexe et inconsciente<\/li>\n\n\n\n<li>Il lutte contre l&rsquo;attitude de repli<\/li>\n\n\n\n<li>La tenue recouvre tout le corps<\/li>\n\n\n\n<li>Il lutte contre la solitude<\/li>\n\n\n\n<li>Il r\u00e9pond \u00e0 une attaque par une parade et une RIPOSTE<\/li>\n<\/ul>\n\n\n\n<h3 class=\"wp-block-heading\"><strong>En pratique<\/strong> :<\/h3>\n\n\n\n<ul class=\"wp-block-list\">\n<li>Des cours collectifs encadr\u00e9s par un Ma\u00eetre d&rsquo;Armes form\u00e9.&nbsp;<\/li>\n\n\n\n<li>Une pratique de l&rsquo;escrime adapt\u00e9e, compl\u00e9mentaire \u00e0 la r\u00e9\u00e9ducation kin\u00e9, et soumise \u00e0 l&rsquo;aval du milieu m\u00e9dical.<\/li>\n\n\n\n<li>L&rsquo;activit\u00e9 s&rsquo;adresse aux femmes qu&rsquo;elles soient ou non en cours de traitement.<\/li>\n<\/ul>\n\n\n\n<p>Plus d&rsquo;informations : https:\/\/www.solutionriposte.fr<\/p>\n\n\n\n<p><strong>Pour b\u00e9n\u00e9ficier de cette pratique, vous pouvez venir directement au cours d\u00e9di\u00e9 le lundi \u00e0 16h30 \u00e0 la salle d&rsquo;armes pour rencontrer notre ma\u00eetre d&rsquo;armes.<\/strong><\/p>\n\n\n\n<p>Mais aussi  vous adresser au pr\u00e9alable au Comit\u00e9 d\u00e9partemental de la Ligue Contre le Cancer de Charente-Maritime : https:\/\/www.ligue-cancer.net\/article\/41718_activites-proposees-par-la-ligue-contre-le-cancer-de-charente-maritime<\/p>\n\n\n\n<p>Visionner le reportage consacr\u00e9 \u00e0 cette pratique par l&rsquo;\u00e9mission Le magazine de la Sant\u00e9 en 2024 : <a href=\"https:\/\/www.instagram.com\/reel\/DDxOxsnoK7U\/?utm_source=ig_web_copy_link\">https:\/\/www.instagram.com\/reel\/DDxOxsnoK7U\/?utm_source=ig_web_copy_link<\/a><\/p>\n\n\n\n<p><\/p>\n","protected":false},"excerpt":{"rendered":"<p>Retrouver le plaisir&nbsp;de bouger. Avoir une activit\u00e9 physique ou sportive est essentiel dans les suites d&rsquo;un cancer du sein.Solution R.I.P.O.S.T.E.&nbsp;propose une pratique adapt\u00e9e et s\u00e9curis\u00e9e de l&rsquo;escrime aux patients atteints de cancer et en particulier aux femmes op\u00e9r\u00e9es d&rsquo;un cancer du sein. L\u2019escrime apr\u00e8s un cancer du sein.&nbsp;Pourquoi ? C&rsquo;est un sport : En pratique &hellip; <\/p>\n<p class=\"link-more\"><a href=\"https:\/\/www.escrimelarochelle.fr\/?page_id=922\" class=\"more-link\">Continuer la lecture<span class=\"screen-reader-text\"> de &laquo;&nbsp;L&rsquo;escrime contre le cancer &#8211; Solution R.I.P.O.S.T.E&nbsp;&raquo;<\/span><\/a><\/p>\n","protected":false},"author":1,"featured_media":0,"parent":0,"menu_order":0,"comment_status":"closed","ping_status":"closed","template":"","meta":{"_monsterinsights_skip_tracking":false,"_monsterinsights_sitenote_active":false,"_monsterinsights_sitenote_note":"","_monsterinsights_sitenote_category":0,"footnotes":""},"class_list":["post-922","page","type-page","status-publish","hentry"],"_links":{"self":[{"href":"https:\/\/www.escrimelarochelle.fr\/index.php?rest_route=\/wp\/v2\/pages\/922","targetHints":{"allow":["GET"]}}],"collection":[{"href":"https:\/\/www.escrimelarochelle.fr\/index.php?rest_route=\/wp\/v2\/pages"}],"about":[{"href":"https:\/\/www.escrimelarochelle.fr\/index.php?rest_route=\/wp\/v2\/types\/page"}],"author":[{"embeddable":true,"href":"https:\/\/www.escrimelarochelle.fr\/index.php?rest_route=\/wp\/v2\/users\/1"}],"replies":[{"embeddable":true,"href":"https:\/\/www.escrimelarochelle.fr\/index.php?rest_route=%2Fwp%2Fv2%2Fcomments&post=922"}],"version-history":[{"count":15,"href":"https:\/\/www.escrimelarochelle.fr\/index.php?rest_route=\/wp\/v2\/pages\/922\/revisions"}],"predecessor-version":[{"id":2578,"href":"https:\/\/www.escrimelarochelle.fr\/index.php?rest_route=\/wp\/v2\/pages\/922\/revisions\/2578"}],"wp:attachment":[{"href":"https:\/\/www.escrimelarochelle.fr\/index.php?rest_route=%2Fwp%2Fv2%2Fmedia&parent=922"}],"curies":[{"name":"wp","href":"https:\/\/api.w.org\/{rel}","templated":true}]}}