{"id":928,"date":"2014-07-24T10:05:21","date_gmt":"2014-07-24T10:05:21","guid":{"rendered":"http:\/\/www.escrimelarochelle.fr\/?page_id=928"},"modified":"2022-09-02T14:42:13","modified_gmt":"2022-09-02T12:42:13","slug":"histoire","status":"publish","type":"page","link":"https:\/\/www.escrimelarochelle.fr\/?page_id=928","title":{"rendered":"Histoire du Cercle"},"content":{"rendered":"<div class=\"wp-block-image\">\n<figure class=\"alignleft is-resized\"><a href=\"http:\/\/www.escrimelarochelle.fr\/wp-content\/uploads\/2014\/07\/germaine-joris.jpg\"><img loading=\"lazy\" decoding=\"async\" src=\"http:\/\/www.escrimelarochelle.fr\/wp-content\/uploads\/2014\/07\/germaine-joris-198x300.jpg\" alt=\"germaine joris\" class=\"wp-image-1027\" width=\"242\" height=\"367\" srcset=\"https:\/\/www.escrimelarochelle.fr\/wp-content\/uploads\/2014\/07\/germaine-joris-198x300.jpg 198w, https:\/\/www.escrimelarochelle.fr\/wp-content\/uploads\/2014\/07\/germaine-joris.jpg 331w\" sizes=\"auto, (max-width: 242px) 100vw, 242px\" \/><\/a><figcaption>Germaine Joris, rochelaise n\u00e9e en 1900, a remport\u00e9 de nombreux titres dont celui de championne de France au fleuret en 1932. Elle a \u00e9t\u00e9 membre du Cercle d\u2019Escrime Rochelais jusqu\u2019en 1950.<\/figcaption><\/figure><\/div>\n\n\n<p>Affili\u00e9 \u00e0 la F\u00e9d\u00e9ration Fran\u00e7aise d\u2019Escrime, le Cercle d\u2019Escrime Rochelais est un club historique sur La Rochelle depuis sa fondation en 1945. <\/p>\n\n\n\n<p>Notre devise, \u00ab&nbsp;l\u2019escrime touche au c\u0153ur&nbsp;\u00bb, incarne l\u2019esprit C.E.R.<\/p>\n\n\n\n<p>Au-del\u00e0 de la pratique sportive, l\u2019escrime telle que nous la concevons doit \u00eatre vecteur d\u2019\u00e9motions, de plaisir et de valeurs. C\u2019est pourquoi, nous sommes un club polyvalent \u00e0 la fois familial et ouvert \u00e0 la pratique comp\u00e9titive. Fortement ancr\u00e9 dans la vie de la cit\u00e9, le Cercle d\u2019Escrime Rochelais ouvre sa pratique au plus grand nombre dans le respect de l\u2019esprit olympique.&nbsp;<\/p>\n\n\n\n<p><\/p>\n","protected":false},"excerpt":{"rendered":"<p>Affili\u00e9 \u00e0 la F\u00e9d\u00e9ration Fran\u00e7aise d\u2019Escrime, le Cercle d\u2019Escrime Rochelais est un club historique sur La Rochelle depuis sa fondation en 1945. Notre devise, \u00ab&nbsp;l\u2019escrime touche au c\u0153ur&nbsp;\u00bb, incarne l\u2019esprit C.E.R. Au-del\u00e0 de la pratique sportive, l\u2019escrime telle que nous la concevons doit \u00eatre vecteur d\u2019\u00e9motions, de plaisir et de valeurs. C\u2019est pourquoi, nous sommes &hellip; <\/p>\n<p class=\"link-more\"><a href=\"https:\/\/www.escrimelarochelle.fr\/?page_id=928\" class=\"more-link\">Continuer la lecture<span class=\"screen-reader-text\"> de &laquo;&nbsp;Histoire du Cercle&nbsp;&raquo;<\/span><\/a><\/p>\n","protected":false},"author":1,"featured_media":0,"parent":0,"menu_order":0,"comment_status":"closed","ping_status":"closed","template":"","meta":{"_monsterinsights_skip_tracking":false,"_monsterinsights_sitenote_active":false,"_monsterinsights_sitenote_note":"","_monsterinsights_sitenote_category":0,"footnotes":""},"class_list":["post-928","page","type-page","status-publish","hentry"],"_links":{"self":[{"href":"https:\/\/www.escrimelarochelle.fr\/index.php?rest_route=\/wp\/v2\/pages\/928","targetHints":{"allow":["GET"]}}],"collection":[{"href":"https:\/\/www.escrimelarochelle.fr\/index.php?rest_route=\/wp\/v2\/pages"}],"about":[{"href":"https:\/\/www.escrimelarochelle.fr\/index.php?rest_route=\/wp\/v2\/types\/page"}],"author":[{"embeddable":true,"href":"https:\/\/www.escrimelarochelle.fr\/index.php?rest_route=\/wp\/v2\/users\/1"}],"replies":[{"embeddable":true,"href":"https:\/\/www.escrimelarochelle.fr\/index.php?rest_route=%2Fwp%2Fv2%2Fcomments&post=928"}],"version-history":[{"count":6,"href":"https:\/\/www.escrimelarochelle.fr\/index.php?rest_route=\/wp\/v2\/pages\/928\/revisions"}],"predecessor-version":[{"id":2430,"href":"https:\/\/www.escrimelarochelle.fr\/index.php?rest_route=\/wp\/v2\/pages\/928\/revisions\/2430"}],"wp:attachment":[{"href":"https:\/\/www.escrimelarochelle.fr\/index.php?rest_route=%2Fwp%2Fv2%2Fmedia&parent=928"}],"curies":[{"name":"wp","href":"https:\/\/api.w.org\/{rel}","templated":true}]}}